{"id":5613,"date":"2025-04-21T12:07:01","date_gmt":"2025-04-21T11:07:01","guid":{"rendered":"https:\/\/lunzimalito.com\/?product=odziez-damska-dekploy"},"modified":"2025-04-21T12:07:01","modified_gmt":"2025-04-21T11:07:01","slug":"odziez-damska-dekploy","status":"publish","type":"product","link":"https:\/\/lunzimalito.com\/?product=odziez-damska-dekploy","title":{"rendered":"Odzie\u017c damska DEKPLOY"},"content":{"rendered":"<p class=\"\" data-start=\"2508\" data-end=\"2743\">DEKPLOY to nie tylko kolejna marka na p\u00f3\u0142ce &#8211; to styl \u017cycia. Zrodzona z pragnienia tworzenia mody, kt\u00f3ra jest zar\u00f3wno por\u0119czna, jak i wyrazista, DEKPLOY \u0142\u0105czy globalne wp\u0142ywy i rzeczywisty komfort w spos\u00f3b, kt\u00f3ry po prostu <em data-start=\"2735\" data-end=\"2742\">dzia\u0142a<\/em>. <\/p>\n<h4 class=\"\" data-start=\"2745\" data-end=\"2786\"><strong data-start=\"2750\" data-end=\"2786\">Co naprawd\u0119 oznacza skr\u00f3t \u201eDEKPLOY\u201d?<\/strong><\/h4>\n<p class=\"\" data-start=\"2787\" data-end=\"2975\">Chodzi o wykorzystanie pewno\u015bci siebie, stylu i wyrafinowania w swojej garderobie. DEKPLOY jest mistrzem nowoczesnej kobiety &#8211; kogo\u015b, kto prowadzi z wdzi\u0119kiem, pracuje z odwag\u0105 i ubiera si\u0119 z zamiarem. <\/p>\n","protected":false},"excerpt":{"rendered":"<p>Ka\u017cdy \u015bcieg i szew zosta\u0142 zaprojektowany tak, aby\u015b czu\u0142, \u017ce <em data-start=\"3108\" data-end=\"3125\">masz to<\/em>. Niezale\u017cnie od tego, czy prezentujesz w sali konferencyjnej, czy brunchujesz z dziewczynami, DEKPLOY ma Tw\u00f3j str\u00f3j mocy <\/p>\n","protected":false},"featured_media":4531,"comment_status":"open","ping_status":"closed","template":"","meta":{"_joinchat":[]},"product_brand":[],"product_cat":[438,424,423,397,437,439,380],"product_tag":[436,378,422,395,377,396,406,376],"class_list":{"0":"post-5613","1":"product","2":"type-product","3":"status-publish","4":"has-post-thumbnail","6":"product_cat-deko-pl","7":"product_cat-dziewczece","8":"product_cat-moda-damska","9":"product_cat-moda-damska-relucky","10":"product_cat-spodnie-besic","11":"product_cat-spodnie-dzinsowe","12":"product_cat-spodnie-ledis-besic","13":"product_tag-denim-pl","14":"product_tag-ledis-fashion-pl","15":"product_tag-lunzimalito-com-pl","16":"product_tag-marka","17":"product_tag-moda","18":"product_tag-moda-damska","19":"product_tag-swiat-mody","20":"product_tag-ubrania","22":"first","23":"instock","24":"sale","25":"shipping-taxable","26":"purchasable","27":"product-type-simple"},"_links":{"self":[{"href":"https:\/\/lunzimalito.com\/index.php?rest_route=\/wp\/v2\/product\/5613","targetHints":{"allow":["GET"]}}],"collection":[{"href":"https:\/\/lunzimalito.com\/index.php?rest_route=\/wp\/v2\/product"}],"about":[{"href":"https:\/\/lunzimalito.com\/index.php?rest_route=\/wp\/v2\/types\/product"}],"replies":[{"embeddable":true,"href":"https:\/\/lunzimalito.com\/index.php?rest_route=%2Fwp%2Fv2%2Fcomments&post=5613"}],"wp:featuredmedia":[{"embeddable":true,"href":"https:\/\/lunzimalito.com\/index.php?rest_route=\/wp\/v2\/media\/4531"}],"wp:attachment":[{"href":"https:\/\/lunzimalito.com\/index.php?rest_route=%2Fwp%2Fv2%2Fmedia&parent=5613"}],"wp:term":[{"taxonomy":"product_brand","embeddable":true,"href":"https:\/\/lunzimalito.com\/index.php?rest_route=%2Fwp%2Fv2%2Fproduct_brand&post=5613"},{"taxonomy":"product_cat","embeddable":true,"href":"https:\/\/lunzimalito.com\/index.php?rest_route=%2Fwp%2Fv2%2Fproduct_cat&post=5613"},{"taxonomy":"product_tag","embeddable":true,"href":"https:\/\/lunzimalito.com\/index.php?rest_route=%2Fwp%2Fv2%2Fproduct_tag&post=5613"}],"curies":[{"name":"wp","href":"https:\/\/api.w.org\/{rel}","templated":true}]}}