{"id":5609,"date":"2025-04-21T10:39:48","date_gmt":"2025-04-21T09:39:48","guid":{"rendered":"https:\/\/lunzimalito.com\/?product=cudi-mom-fit-vetements-de-mode-pour-femmes"},"modified":"2025-04-21T10:39:48","modified_gmt":"2025-04-21T09:39:48","slug":"cudi-mom-fit-vetements-de-mode-pour-femmes","status":"publish","type":"product","link":"https:\/\/lunzimalito.com\/?product=cudi-mom-fit-vetements-de-mode-pour-femmes","title":{"rendered":"CUDI MOM FIT V\u00eatements de mode pour femmes"},"content":{"rendered":"<p>CUDI MOM FIT n&#8217;est pas seulement une marque, c&#8217;est un mouvement. Con\u00e7ue en pensant aux femmes modernes &#8211; les m\u00e8res, les cr\u00e9atrices de tendances, les battantes -, elle allie confort et style de la mani\u00e8re la plus simple qui soit. Elle allie l&#8217;\u00e2me de la mode de rue au confort des v\u00eatements d&#8217;int\u00e9rieur. C&#8217;est un r\u00eave,   <\/p>\n<p>Les cr\u00e9ateurs ont imagin\u00e9 un monde o\u00f9 les femmes pourraient s&#8217;occuper de leurs enfants, poursuivre leurs r\u00eaves ou simplement se d\u00e9tendre, tout en \u00e9tant belles et en se sentant bien. CUDI MOM FIT remet au go\u00fbt du jour le bien-aim\u00e9 \u00ab mom jeans \u00bb et le transforme en un incontournable de la mode. <\/p>\n","protected":false},"excerpt":{"rendered":"<p>CUDI ne se contente pas d&#8217;\u00eatre beau, il s&#8217;agit aussi de faire le bien. De nombreuses pi\u00e8ces sont fabriqu\u00e9es \u00e0 partir de tissus durables, en gardant \u00e0 l&#8217;esprit la Terre nourrici\u00e8re. <\/p>\n","protected":false},"featured_media":4521,"comment_status":"open","ping_status":"closed","template":"","meta":{"_joinchat":[]},"product_brand":[],"product_cat":[421,386,420,428],"product_tag":[387,384,419,389,382],"class_list":{"0":"post-5609","1":"product","2":"type-product","3":"status-publish","4":"has-post-thumbnail","6":"product_cat-filles","7":"product_cat-ledis-besic-pantalon","8":"product_cat-mode-feminine","9":"product_cat-pantalon-besic","10":"product_tag-femmes","11":"product_tag-ledis-fashion-fr","12":"product_tag-lunzimalito-com-fr","13":"product_tag-marque","14":"product_tag-vetements","16":"first","17":"instock","18":"sale","19":"shipping-taxable","20":"purchasable","21":"product-type-simple"},"_links":{"self":[{"href":"https:\/\/lunzimalito.com\/index.php?rest_route=\/wp\/v2\/product\/5609","targetHints":{"allow":["GET"]}}],"collection":[{"href":"https:\/\/lunzimalito.com\/index.php?rest_route=\/wp\/v2\/product"}],"about":[{"href":"https:\/\/lunzimalito.com\/index.php?rest_route=\/wp\/v2\/types\/product"}],"replies":[{"embeddable":true,"href":"https:\/\/lunzimalito.com\/index.php?rest_route=%2Fwp%2Fv2%2Fcomments&post=5609"}],"wp:featuredmedia":[{"embeddable":true,"href":"https:\/\/lunzimalito.com\/index.php?rest_route=\/wp\/v2\/media\/4521"}],"wp:attachment":[{"href":"https:\/\/lunzimalito.com\/index.php?rest_route=%2Fwp%2Fv2%2Fmedia&parent=5609"}],"wp:term":[{"taxonomy":"product_brand","embeddable":true,"href":"https:\/\/lunzimalito.com\/index.php?rest_route=%2Fwp%2Fv2%2Fproduct_brand&post=5609"},{"taxonomy":"product_cat","embeddable":true,"href":"https:\/\/lunzimalito.com\/index.php?rest_route=%2Fwp%2Fv2%2Fproduct_cat&post=5609"},{"taxonomy":"product_tag","embeddable":true,"href":"https:\/\/lunzimalito.com\/index.php?rest_route=%2Fwp%2Fv2%2Fproduct_tag&post=5609"}],"curies":[{"name":"wp","href":"https:\/\/api.w.org\/{rel}","templated":true}]}}