{"id":5608,"date":"2025-04-21T09:01:07","date_gmt":"2025-04-21T08:01:07","guid":{"rendered":"https:\/\/lunzimalito.com\/?product=its-basic-pantalon-tendance-pour-femme-fashion"},"modified":"2025-04-21T09:01:07","modified_gmt":"2025-04-21T08:01:07","slug":"its-basic-pantalon-tendance-pour-femme-fashion","status":"publish","type":"product","link":"https:\/\/lunzimalito.com\/?product=its-basic-pantalon-tendance-pour-femme-fashion","title":{"rendered":"It&#8217;s Basic Pantalon tendance pour femme Fashion"},"content":{"rendered":"<p>Dans un monde de tendances exag\u00e9r\u00e9es, de couleurs n\u00e9on et de logos surdimensionn\u00e9s, le moins <em data-start=\"2088\" data-end=\"2092\">est<\/em> parfois <em data-start=\"2088\" data-end=\"2092\">le mieux<\/em>. Entrez dans l&#8217;\u00e8re du <strong data-start=\"2116\" data-end=\"2155\">pantalon tendance pour femmes &#8220;It&#8217;s Basic&#8221;,<\/strong>un mouvement de mode ax\u00e9 sur la simplicit\u00e9, la polyvalence et la facilit\u00e9 d&#8217;utilisation. <\/p>\n<p>\u00ab It&#8217;s Basic \u00bb n&#8217;est pas seulement une \u00e9tiquette, c&#8217;est un style de vie. Cette tendance d\u00e9fend une esth\u00e9tique \u00e9pur\u00e9e, des tons sourds et des silhouettes intemporelles qui sont toujours de saison. <\/p>\n<p>Ne vous laissez pas tromper par le nom. Ce pantalon est peut-\u00eatre \u00ab basique \u00bb par d\u00e9finition, mais il est tout sauf ennuyeux. Consid\u00e9rez-le comme la <em data-start=\"2630\" data-end=\"2644\">toile vierge<\/em> de votre garde-robe, pr\u00eat \u00e0 \u00eatre habill\u00e9, d\u00e9contract\u00e9 ou simplement admir\u00e9 pour son \u00e9l\u00e9gance discr\u00e8te.  <\/p>\n","protected":false},"excerpt":{"rendered":"<p class=\"\" data-start=\"6177\" data-end=\"6355\">Les femmes ne tarissent pas d \u00ab \u00e9loges sur le confort, la coupe, la simplicit\u00e9 et la facilit\u00e9 avec laquelle ces pantalons s&#8217;int\u00e8grent \u00e0 leurs tenues quotidiennes. C&#8217;est une mode qui s \u00bb<em data-start=\"6323\" data-end=\"6329\">adapte \u00e0<\/em> votre vie, et non qui la contourne. <\/p>\n","protected":false},"featured_media":4506,"comment_status":"open","ping_status":"closed","template":"","meta":{"_joinchat":[]},"product_brand":[],"product_cat":[421,386,420,428],"product_tag":[387,383,394,384,419,389,390,382],"class_list":{"0":"post-5608","1":"product","2":"type-product","3":"status-publish","4":"has-post-thumbnail","6":"product_cat-filles","7":"product_cat-ledis-besic-pantalon","8":"product_cat-mode-feminine","9":"product_cat-pantalon-besic","10":"product_tag-femmes","11":"product_tag-la-mode","12":"product_tag-le-monde-de-la-mode","13":"product_tag-ledis-fashion-fr","14":"product_tag-lunzimalito-com-fr","15":"product_tag-marque","16":"product_tag-mode-femmes","17":"product_tag-vetements","19":"first","20":"instock","21":"sale","22":"shipping-taxable","23":"purchasable","24":"product-type-simple"},"_links":{"self":[{"href":"https:\/\/lunzimalito.com\/index.php?rest_route=\/wp\/v2\/product\/5608","targetHints":{"allow":["GET"]}}],"collection":[{"href":"https:\/\/lunzimalito.com\/index.php?rest_route=\/wp\/v2\/product"}],"about":[{"href":"https:\/\/lunzimalito.com\/index.php?rest_route=\/wp\/v2\/types\/product"}],"replies":[{"embeddable":true,"href":"https:\/\/lunzimalito.com\/index.php?rest_route=%2Fwp%2Fv2%2Fcomments&post=5608"}],"wp:featuredmedia":[{"embeddable":true,"href":"https:\/\/lunzimalito.com\/index.php?rest_route=\/wp\/v2\/media\/4506"}],"wp:attachment":[{"href":"https:\/\/lunzimalito.com\/index.php?rest_route=%2Fwp%2Fv2%2Fmedia&parent=5608"}],"wp:term":[{"taxonomy":"product_brand","embeddable":true,"href":"https:\/\/lunzimalito.com\/index.php?rest_route=%2Fwp%2Fv2%2Fproduct_brand&post=5608"},{"taxonomy":"product_cat","embeddable":true,"href":"https:\/\/lunzimalito.com\/index.php?rest_route=%2Fwp%2Fv2%2Fproduct_cat&post=5608"},{"taxonomy":"product_tag","embeddable":true,"href":"https:\/\/lunzimalito.com\/index.php?rest_route=%2Fwp%2Fv2%2Fproduct_tag&post=5608"}],"curies":[{"name":"wp","href":"https:\/\/api.w.org\/{rel}","templated":true}]}}