{"id":5605,"date":"2025-04-21T08:10:27","date_gmt":"2025-04-21T07:10:27","guid":{"rendered":"https:\/\/lunzimalito.com\/?product=modne-spodnie-modowe-relucky"},"modified":"2025-04-21T08:10:27","modified_gmt":"2025-04-21T07:10:27","slug":"modne-spodnie-modowe-relucky","status":"publish","type":"product","link":"https:\/\/lunzimalito.com\/?product=modne-spodnie-modowe-relucky","title":{"rendered":"Modne spodnie modowe Relucky"},"content":{"rendered":"<p>B\u0105d\u017amy szczerzy &#8211; ka\u017cda kobieta potrzebuje tej jednej pary spodni, kt\u00f3re pasuj\u0105 jak marzenie, wygl\u0105daj\u0105 jak milion dolar\u00f3w i nadal wygl\u0105daj\u0105 jak bielizna nocna. Przywitaj si\u0119 z <strong data-start=\"2176\" data-end=\"2201\">Relucky Fashion Pants &#8211;<\/strong>trendowymi, kochaj\u0105cymi kr\u0105g\u0142o\u015bci, niezwykle wygodnymi spodniami, kt\u00f3re obecnie robi\u0105 furor\u0119 w modzie damskiej. <\/p>\n<p>Relucky nie zwalnia tempa. Spodziewaj si\u0119 odwa\u017cnych nowych projekt\u00f3w, bardziej zr\u00f3wnowa\u017conych tkanin i jeszcze szerszych zakres\u00f3w rozmiar\u00f3w. Buduj\u0105 modow\u0105 przysz\u0142o\u015b\u0107, jedna zab\u00f3jcza para spodni na raz.  <\/p>\n","protected":false},"excerpt":{"rendered":"<p>Damskie <strong data-start=\"6909\" data-end=\"6934\">spodnie Relucky Fashion Pants<\/strong> s\u0105 dowodem na to, \u017ce nie musisz wybiera\u0107 mi\u0119dzy stylem, wygod\u0105 i przyst\u0119pn\u0105 cen\u0105. Dzi\u0119ki modnym detalom, dopasowanemu krojowi i mo\u017cliwo\u015bci noszenia na co dzie\u0144, spodnie te s\u0105 niedocenianymi bohaterami ka\u017cdej garderoby cool-girl. Po ich przymierzeniu nie zdziw si\u0119, je\u015bli wr\u00f3cisz po wi\u0119cej &#8211; a mo\u017ce tak\u017ce po zapasow\u0105 par\u0119.  <\/p>\n","protected":false},"featured_media":4504,"comment_status":"open","ping_status":"closed","template":"","meta":{"_joinchat":[]},"product_brand":[],"product_cat":[424,423,397],"product_tag":[378,422,395,377,406,376],"class_list":{"0":"post-5605","1":"product","2":"type-product","3":"status-publish","4":"has-post-thumbnail","6":"product_cat-dziewczece","7":"product_cat-moda-damska","8":"product_cat-moda-damska-relucky","9":"product_tag-ledis-fashion-pl","10":"product_tag-lunzimalito-com-pl","11":"product_tag-marka","12":"product_tag-moda","13":"product_tag-swiat-mody","14":"product_tag-ubrania","16":"first","17":"instock","18":"sale","19":"shipping-taxable","20":"purchasable","21":"product-type-simple"},"_links":{"self":[{"href":"https:\/\/lunzimalito.com\/index.php?rest_route=\/wp\/v2\/product\/5605","targetHints":{"allow":["GET"]}}],"collection":[{"href":"https:\/\/lunzimalito.com\/index.php?rest_route=\/wp\/v2\/product"}],"about":[{"href":"https:\/\/lunzimalito.com\/index.php?rest_route=\/wp\/v2\/types\/product"}],"replies":[{"embeddable":true,"href":"https:\/\/lunzimalito.com\/index.php?rest_route=%2Fwp%2Fv2%2Fcomments&post=5605"}],"wp:featuredmedia":[{"embeddable":true,"href":"https:\/\/lunzimalito.com\/index.php?rest_route=\/wp\/v2\/media\/4504"}],"wp:attachment":[{"href":"https:\/\/lunzimalito.com\/index.php?rest_route=%2Fwp%2Fv2%2Fmedia&parent=5605"}],"wp:term":[{"taxonomy":"product_brand","embeddable":true,"href":"https:\/\/lunzimalito.com\/index.php?rest_route=%2Fwp%2Fv2%2Fproduct_brand&post=5605"},{"taxonomy":"product_cat","embeddable":true,"href":"https:\/\/lunzimalito.com\/index.php?rest_route=%2Fwp%2Fv2%2Fproduct_cat&post=5605"},{"taxonomy":"product_tag","embeddable":true,"href":"https:\/\/lunzimalito.com\/index.php?rest_route=%2Fwp%2Fv2%2Fproduct_tag&post=5605"}],"curies":[{"name":"wp","href":"https:\/\/api.w.org\/{rel}","templated":true}]}}