{"id":5604,"date":"2025-04-21T07:26:01","date_gmt":"2025-04-21T06:26:01","guid":{"rendered":"https:\/\/lunzimalito.com\/?product=moda-damska-real-focus-jeans"},"modified":"2025-04-21T07:26:01","modified_gmt":"2025-04-21T06:26:01","slug":"moda-damska-real-focus-jeans","status":"publish","type":"product","link":"https:\/\/lunzimalito.com\/?product=moda-damska-real-focus-jeans","title":{"rendered":"Moda damska REAL FOCUS JEANS"},"content":{"rendered":"<p>Sp\u00f3jrzmy prawdzie w oczy: znalezienie <em data-start=\"2323\" data-end=\"2332\">idealnej<\/em> pary d\u017cins\u00f3w mo\u017ce przypomina\u0107 pogo\u0144 za jednoro\u017ccem. Ale w\u0142a\u015bnie w tym momencie <strong data-start=\"2397\" data-end=\"2411\">REAL FOCUS<\/strong> wkracza do akcji, urzeczywistniaj\u0105c to marzenie dla kobiet, kt\u00f3re pragn\u0105 stylu, wygody i pewno\u015bci siebie w jednym eleganckim opakowaniu. Jeansy REAL FOCUS to nie tylko denim &#8211; to <em data-start=\"2567\" data-end=\"2577\">ruch<\/em>. Zaprojektowana z my\u015bl\u0105 o prawdziwych kobietach z prawdziwymi kr\u0105g\u0142o\u015bciami i prawdziwym \u017cyciem, ta marka zmienia zasady gry.   <\/p>\n<p class=\"\" data-start=\"3048\" data-end=\"3298\">Co je wyr\u00f3\u017cnia? Komfort \u0142\u0105czy si\u0119 z szykiem. REAL FOCUS s\u0142ucha tego, czego chc\u0105 kobiety: d\u017cins\u00f3w, kt\u00f3re <em data-start=\"3140\" data-end=\"3145\">pasuj\u0105<\/em>, pochlebiaj\u0105 i s\u0105 fantastyczne. Niezale\u017cnie od tego, czy chodzi o za\u0142atwianie spraw, czy o brunch, kobiety zamieniaj\u0105 swoje stare d\u017cinsy na REAL FOCUS, nie ogl\u0105daj\u0105c si\u0119 za siebie.   <\/p>\n","protected":false},"excerpt":{"rendered":"<p>Mi\u0119kkie, ale strukturalne &#8211; REAL FOCUS wykorzystuje wysokiej jako\u015bci tkaniny, kt\u00f3re poruszaj\u0105 si\u0119 <em data-start=\"3450\" data-end=\"3456\">razem z<\/em> Tob\u0105, a nie przeciwko Tobie. Pomy\u015bl o elastycznym d\u017cinsie, kt\u00f3ry przylega we wszystkich w\u0142a\u015bciwych miejscach, jednocze\u015bnie pozwalaj\u0105c ci oddycha\u0107 (tak, nawet po pizzy). <\/p>\n","protected":false},"featured_media":4495,"comment_status":"open","ping_status":"closed","template":"","meta":{"_joinchat":[]},"product_brand":[],"product_cat":[423],"product_tag":[381,422,395,376],"class_list":{"0":"post-5604","1":"product","2":"type-product","3":"status-publish","4":"has-post-thumbnail","6":"product_cat-moda-damska","7":"product_tag-damskie","8":"product_tag-lunzimalito-com-pl","9":"product_tag-marka","10":"product_tag-ubrania","12":"first","13":"instock","14":"sale","15":"shipping-taxable","16":"purchasable","17":"product-type-simple"},"_links":{"self":[{"href":"https:\/\/lunzimalito.com\/index.php?rest_route=\/wp\/v2\/product\/5604","targetHints":{"allow":["GET"]}}],"collection":[{"href":"https:\/\/lunzimalito.com\/index.php?rest_route=\/wp\/v2\/product"}],"about":[{"href":"https:\/\/lunzimalito.com\/index.php?rest_route=\/wp\/v2\/types\/product"}],"replies":[{"embeddable":true,"href":"https:\/\/lunzimalito.com\/index.php?rest_route=%2Fwp%2Fv2%2Fcomments&post=5604"}],"wp:featuredmedia":[{"embeddable":true,"href":"https:\/\/lunzimalito.com\/index.php?rest_route=\/wp\/v2\/media\/4495"}],"wp:attachment":[{"href":"https:\/\/lunzimalito.com\/index.php?rest_route=%2Fwp%2Fv2%2Fmedia&parent=5604"}],"wp:term":[{"taxonomy":"product_brand","embeddable":true,"href":"https:\/\/lunzimalito.com\/index.php?rest_route=%2Fwp%2Fv2%2Fproduct_brand&post=5604"},{"taxonomy":"product_cat","embeddable":true,"href":"https:\/\/lunzimalito.com\/index.php?rest_route=%2Fwp%2Fv2%2Fproduct_cat&post=5604"},{"taxonomy":"product_tag","embeddable":true,"href":"https:\/\/lunzimalito.com\/index.php?rest_route=%2Fwp%2Fv2%2Fproduct_tag&post=5604"}],"curies":[{"name":"wp","href":"https:\/\/api.w.org\/{rel}","templated":true}]}}