{"id":5603,"date":"2025-04-21T08:10:27","date_gmt":"2025-04-21T07:10:27","guid":{"rendered":"https:\/\/lunzimalito.com\/?product=pantalon-de-mode-relucky-trending"},"modified":"2025-04-21T08:10:27","modified_gmt":"2025-04-21T07:10:27","slug":"pantalon-de-mode-relucky-trending","status":"publish","type":"product","link":"https:\/\/lunzimalito.com\/?product=pantalon-de-mode-relucky-trending","title":{"rendered":"Pantalon de mode Relucky Trending"},"content":{"rendered":"<p>Soyons r\u00e9alistes : chaque femme a besoin d&#8217;un pantalon qui lui aille comme un r\u00eave, qui lui donne l&#8217;air d&#8217;un million de dollars et qui lui donne l&#8217;impression d&#8217;\u00eatre un v\u00eatement de d\u00e9tente. Dites bonjour aux <strong data-start=\"2176\" data-end=\"2201\">pantalons Relucky Fashion Pants, des<\/strong>pantalons qui suivent les tendances, \u00e9pousent les courbes et sont ultra confortables. <\/p>\n<p>Relucky ne ralentit pas. Attendez-vous \u00e0 de nouveaux designs audacieux, \u00e0 des tissus plus durables et \u00e0 des gammes de tailles encore plus larges. Ils construisent un avenir \u00e0 la pointe de la mode, un pantalon d&#8217;enfer \u00e0 la fois.  <\/p>\n","protected":false},"excerpt":{"rendered":"<p>Le <strong data-start=\"6909\" data-end=\"6934\">pantalon Relucky Fashion<\/strong> pour femme est la preuve qu&#8217;il n&#8217;est pas n\u00e9cessaire de choisir entre le style, le confort et le prix. Avec ses d\u00e9tails tendance, ses coupes flatteuses et sa facilit\u00e9 d&#8217;utilisation, ce pantalon est le h\u00e9ros m\u00e9connu de toute garde-robe de fille branch\u00e9e. Une fois que vous les aurez essay\u00e9s, ne soyez pas surprise si vous revenez pour en avoir d&#8217;autres, et peut-\u00eatre m\u00eame une paire de rechange.  <\/p>\n","protected":false},"featured_media":4503,"comment_status":"open","ping_status":"closed","template":"","meta":{"_joinchat":[]},"product_brand":[],"product_cat":[421,420,391],"product_tag":[383,394,384,419,389,382],"class_list":{"0":"post-5603","1":"product","2":"type-product","3":"status-publish","4":"has-post-thumbnail","6":"product_cat-filles","7":"product_cat-mode-feminine","8":"product_cat-relucky-mode-pour-femmes","9":"product_tag-la-mode","10":"product_tag-le-monde-de-la-mode","11":"product_tag-ledis-fashion-fr","12":"product_tag-lunzimalito-com-fr","13":"product_tag-marque","14":"product_tag-vetements","16":"first","17":"instock","18":"sale","19":"shipping-taxable","20":"purchasable","21":"product-type-simple"},"_links":{"self":[{"href":"https:\/\/lunzimalito.com\/index.php?rest_route=\/wp\/v2\/product\/5603","targetHints":{"allow":["GET"]}}],"collection":[{"href":"https:\/\/lunzimalito.com\/index.php?rest_route=\/wp\/v2\/product"}],"about":[{"href":"https:\/\/lunzimalito.com\/index.php?rest_route=\/wp\/v2\/types\/product"}],"replies":[{"embeddable":true,"href":"https:\/\/lunzimalito.com\/index.php?rest_route=%2Fwp%2Fv2%2Fcomments&post=5603"}],"wp:featuredmedia":[{"embeddable":true,"href":"https:\/\/lunzimalito.com\/index.php?rest_route=\/wp\/v2\/media\/4503"}],"wp:attachment":[{"href":"https:\/\/lunzimalito.com\/index.php?rest_route=%2Fwp%2Fv2%2Fmedia&parent=5603"}],"wp:term":[{"taxonomy":"product_brand","embeddable":true,"href":"https:\/\/lunzimalito.com\/index.php?rest_route=%2Fwp%2Fv2%2Fproduct_brand&post=5603"},{"taxonomy":"product_cat","embeddable":true,"href":"https:\/\/lunzimalito.com\/index.php?rest_route=%2Fwp%2Fv2%2Fproduct_cat&post=5603"},{"taxonomy":"product_tag","embeddable":true,"href":"https:\/\/lunzimalito.com\/index.php?rest_route=%2Fwp%2Fv2%2Fproduct_tag&post=5603"}],"curies":[{"name":"wp","href":"https:\/\/api.w.org\/{rel}","templated":true}]}}