{"id":5602,"date":"2025-04-21T07:26:01","date_gmt":"2025-04-21T06:26:01","guid":{"rendered":"https:\/\/lunzimalito.com\/?product=mode-real-focus-jeans-pour-femmes"},"modified":"2025-04-21T07:26:01","modified_gmt":"2025-04-21T06:26:01","slug":"mode-real-focus-jeans-pour-femmes","status":"publish","type":"product","link":"https:\/\/lunzimalito.com\/?product=mode-real-focus-jeans-pour-femmes","title":{"rendered":"Mode REAL FOCUS JEANS pour femmes"},"content":{"rendered":"<p>Avouons-le : trouver la paire de jeans <em data-start=\"2323\" data-end=\"2332\">parfaite<\/em> peut ressembler \u00e0 la poursuite d&#8217;une licorne. Mais c&#8217;est l\u00e0 que <strong data-start=\"2397\" data-end=\"2411\">REAL FOCUS<\/strong> intervient, en faisant de ce r\u00eave une r\u00e9alit\u00e9 pour les femmes qui recherchent le style, le confort et la confiance en soi dans un seul et m\u00eame ensemble \u00e9l\u00e9gant. Les jeans REAL FOCUS ne sont pas seulement des denims, ils sont un <em data-start=\"2567\" data-end=\"2577\">mouvement<\/em>. Con\u00e7ue pour de vraies femmes avec de vraies courbes et de vraies vies, cette marque change la donne.   <\/p>\n<p class=\"\" data-start=\"3048\" data-end=\"3298\">Qu&#8217;est-ce qui les distingue ? Le confort rencontre le chic. REAL FOCUS est \u00e0 l&#8217;\u00e9coute de ce que veulent les femmes : des jeans qui leur <em data-start=\"3140\" data-end=\"3145\">vont bien<\/em>, qui les flattent et qui leur procurent une sensation fabuleuse. Qu&#8217;il s&#8217;agisse de faire des courses ou d&#8217;aller bruncher, les femmes troquent leurs vieux jeans pour REAL FOCUS sans regarder en arri\u00e8re.   <\/p>\n","protected":false},"excerpt":{"rendered":"<p>Doux mais structur\u00e9 &#8211; REAL FOCUS utilise des tissus de haute qualit\u00e9 qui bougent <em data-start=\"3450\" data-end=\"3456\">avec<\/em> vous, et non contre vous. Pensez au denim extensible qui \u00e9pouse tous les contours tout en vous laissant respirer (oui, m\u00eame apr\u00e8s une pizza). <\/p>\n","protected":false},"featured_media":4494,"comment_status":"open","ping_status":"closed","template":"","meta":{"_joinchat":[]},"product_brand":[],"product_cat":[420],"product_tag":[387,419,389,382],"class_list":{"0":"post-5602","1":"product","2":"type-product","3":"status-publish","4":"has-post-thumbnail","6":"product_cat-mode-feminine","7":"product_tag-femmes","8":"product_tag-lunzimalito-com-fr","9":"product_tag-marque","10":"product_tag-vetements","12":"first","13":"instock","14":"sale","15":"shipping-taxable","16":"purchasable","17":"product-type-simple"},"_links":{"self":[{"href":"https:\/\/lunzimalito.com\/index.php?rest_route=\/wp\/v2\/product\/5602","targetHints":{"allow":["GET"]}}],"collection":[{"href":"https:\/\/lunzimalito.com\/index.php?rest_route=\/wp\/v2\/product"}],"about":[{"href":"https:\/\/lunzimalito.com\/index.php?rest_route=\/wp\/v2\/types\/product"}],"replies":[{"embeddable":true,"href":"https:\/\/lunzimalito.com\/index.php?rest_route=%2Fwp%2Fv2%2Fcomments&post=5602"}],"wp:featuredmedia":[{"embeddable":true,"href":"https:\/\/lunzimalito.com\/index.php?rest_route=\/wp\/v2\/media\/4494"}],"wp:attachment":[{"href":"https:\/\/lunzimalito.com\/index.php?rest_route=%2Fwp%2Fv2%2Fmedia&parent=5602"}],"wp:term":[{"taxonomy":"product_brand","embeddable":true,"href":"https:\/\/lunzimalito.com\/index.php?rest_route=%2Fwp%2Fv2%2Fproduct_brand&post=5602"},{"taxonomy":"product_cat","embeddable":true,"href":"https:\/\/lunzimalito.com\/index.php?rest_route=%2Fwp%2Fv2%2Fproduct_cat&post=5602"},{"taxonomy":"product_tag","embeddable":true,"href":"https:\/\/lunzimalito.com\/index.php?rest_route=%2Fwp%2Fv2%2Fproduct_tag&post=5602"}],"curies":[{"name":"wp","href":"https:\/\/api.w.org\/{rel}","templated":true}]}}