{"id":5601,"date":"2025-04-20T12:11:31","date_gmt":"2025-04-20T11:11:31","guid":{"rendered":"https:\/\/lunzimalito.com\/?product=pantalon-cudi-mom-fit-pour-dames"},"modified":"2025-04-20T12:11:31","modified_gmt":"2025-04-20T11:11:31","slug":"pantalon-cudi-mom-fit-pour-dames","status":"publish","type":"product","link":"https:\/\/lunzimalito.com\/?product=pantalon-cudi-mom-fit-pour-dames","title":{"rendered":"Pantalon CUDI MOM FIT pour dames"},"content":{"rendered":"<p class=\"\" data-start=\"587\" data-end=\"924\">Le <strong data-start=\"591\" data-end=\"620\">pantalon CUDI MOM FIT pour femmes<\/strong> est votre choix de pr\u00e9dilection pour un look cool et d\u00e9contract\u00e9. Inspir\u00e9 de la silhouette embl\u00e9matique du mom jeans, ce pantalon \u00e0 la pointe de la mode rappelle le meilleur des ann\u00e9es 90 &#8211; taille haute, d\u00e9contract\u00e9 au niveau des hanches et fusel\u00e9 \u00e0 la cheville &#8211; mais avec une mise \u00e0 jour contemporaine qui flatte toutes les silhouettes. <\/p>\n<p class=\"\" data-start=\"1321\" data-end=\"1592\">Con\u00e7u avec une taille haute et des hanches larges, ce pantalon se resserre aux bons endroits et se d\u00e9tend l\u00e0 o\u00f9 il faut. La coupe ajust\u00e9e vous permet d&#8217;obtenir une cheville fine, parfaite pour les baskets, les talons ou les bottes. Gr\u00e2ce \u00e0 la taille universelle, chaque femme peut trouver la paire id\u00e9ale.  <\/p>\n","protected":false},"excerpt":{"rendered":"<p class=\"\" data-start=\"1321\" data-end=\"1592\">Con\u00e7u avec une taille haute et des hanches larges, ce pantalon se resserre aux bons endroits et se d\u00e9tend l\u00e0 o\u00f9 il faut. La coupe ajust\u00e9e vous permet d&#8217;obtenir une cheville fine, parfaite pour les baskets, les talons ou les bottes. Gr\u00e2ce \u00e0 la taille universelle, chaque femme peut trouver la paire id\u00e9ale.  <\/p>\n","protected":false},"featured_media":4452,"comment_status":"open","ping_status":"closed","template":"","meta":{"_joinchat":[]},"product_brand":[],"product_cat":[373],"product_tag":[383,382],"class_list":{"0":"post-5601","1":"product","2":"type-product","3":"status-publish","4":"has-post-thumbnail","6":"product_cat-non-categorise","7":"product_tag-la-mode","8":"product_tag-vetements","10":"first","11":"instock","12":"sale","13":"shipping-taxable","14":"purchasable","15":"product-type-simple"},"_links":{"self":[{"href":"https:\/\/lunzimalito.com\/index.php?rest_route=\/wp\/v2\/product\/5601","targetHints":{"allow":["GET"]}}],"collection":[{"href":"https:\/\/lunzimalito.com\/index.php?rest_route=\/wp\/v2\/product"}],"about":[{"href":"https:\/\/lunzimalito.com\/index.php?rest_route=\/wp\/v2\/types\/product"}],"replies":[{"embeddable":true,"href":"https:\/\/lunzimalito.com\/index.php?rest_route=%2Fwp%2Fv2%2Fcomments&post=5601"}],"wp:featuredmedia":[{"embeddable":true,"href":"https:\/\/lunzimalito.com\/index.php?rest_route=\/wp\/v2\/media\/4452"}],"wp:attachment":[{"href":"https:\/\/lunzimalito.com\/index.php?rest_route=%2Fwp%2Fv2%2Fmedia&parent=5601"}],"wp:term":[{"taxonomy":"product_brand","embeddable":true,"href":"https:\/\/lunzimalito.com\/index.php?rest_route=%2Fwp%2Fv2%2Fproduct_brand&post=5601"},{"taxonomy":"product_cat","embeddable":true,"href":"https:\/\/lunzimalito.com\/index.php?rest_route=%2Fwp%2Fv2%2Fproduct_cat&post=5601"},{"taxonomy":"product_tag","embeddable":true,"href":"https:\/\/lunzimalito.com\/index.php?rest_route=%2Fwp%2Fv2%2Fproduct_tag&post=5601"}],"curies":[{"name":"wp","href":"https:\/\/api.w.org\/{rel}","templated":true}]}}