{"id":5600,"date":"2025-04-20T11:49:53","date_gmt":"2025-04-20T10:49:53","guid":{"rendered":"https:\/\/lunzimalito.com\/?product=pantalon-sherocco-fashionable-pour-femmes"},"modified":"2025-04-20T11:49:53","modified_gmt":"2025-04-20T10:49:53","slug":"pantalon-sherocco-fashionable-pour-femmes","status":"publish","type":"product","link":"https:\/\/lunzimalito.com\/?product=pantalon-sherocco-fashionable-pour-femmes","title":{"rendered":"Pantalon Sherocco Fashionable pour femmes"},"content":{"rendered":"<p class=\"\" data-start=\"2814\" data-end=\"3171\">De temps en temps, il y a un v\u00eatement qui devient instantan\u00e9ment un incontournable de la garde-robe. C&#8217;est exactement ce qu&#8217;est le <strong data-start=\"2935\" data-end=\"2972\">pantalon Sherocco Fashionable pour femme<\/strong> &#8211; une fusion intemporelle de style, de confort et d&#8217;\u00e9l\u00e9gance sans effort. Que vous alliez au bureau ou que vous vous d\u00e9tendiez lors d&#8217;une escapade le week-end, ce pantalon est con\u00e7u pour s&#8217;adapter \u00e0 votre style de vie.  <\/p>\n<h2 class=\"\" data-start=\"3173\" data-end=\"3232\"><strong data-start=\"3176\" data-end=\"3232\">Pourquoi chaque femme a besoin d&#8217;un pantalon \u00e9l\u00e9gant et confortable<\/strong><\/h2>\n<p class=\"\" data-start=\"3234\" data-end=\"3465\">Soyons r\u00e9alistes : le confort est essentiel. Mais qui a dit qu&#8217;il fallait sacrifier le style pour se sentir bien ? Sherocco prouve que vous pouvez avoir les deux. Ces pantalons vous enveloppent aux bons endroits, bougent avec votre corps et vous donnent une allure absolument \u00e9blouissante.   <\/p>\n","protected":false},"excerpt":{"rendered":"<p>Sherocco c\u00e9l\u00e8bre la f\u00e9minit\u00e9 moderne. Ses cr\u00e9ations refl\u00e8tent la confiance, l&#8217;\u00e9l\u00e9gance et le pouvoir des femmes du monde entier. La marque estime que la mode doit donner du pouvoir, et non restreindre, et vous pouvez le sentir dans chaque couture de ses pantalons.  <\/p>\n","protected":false},"featured_media":4443,"comment_status":"open","ping_status":"closed","template":"","meta":{"_joinchat":[]},"product_brand":[],"product_cat":[373],"product_tag":[387,383,389,382],"class_list":{"0":"post-5600","1":"product","2":"type-product","3":"status-publish","4":"has-post-thumbnail","6":"product_cat-non-categorise","7":"product_tag-femmes","8":"product_tag-la-mode","9":"product_tag-marque","10":"product_tag-vetements","12":"first","13":"instock","14":"sale","15":"shipping-taxable","16":"purchasable","17":"product-type-simple"},"_links":{"self":[{"href":"https:\/\/lunzimalito.com\/index.php?rest_route=\/wp\/v2\/product\/5600","targetHints":{"allow":["GET"]}}],"collection":[{"href":"https:\/\/lunzimalito.com\/index.php?rest_route=\/wp\/v2\/product"}],"about":[{"href":"https:\/\/lunzimalito.com\/index.php?rest_route=\/wp\/v2\/types\/product"}],"replies":[{"embeddable":true,"href":"https:\/\/lunzimalito.com\/index.php?rest_route=%2Fwp%2Fv2%2Fcomments&post=5600"}],"wp:featuredmedia":[{"embeddable":true,"href":"https:\/\/lunzimalito.com\/index.php?rest_route=\/wp\/v2\/media\/4443"}],"wp:attachment":[{"href":"https:\/\/lunzimalito.com\/index.php?rest_route=%2Fwp%2Fv2%2Fmedia&parent=5600"}],"wp:term":[{"taxonomy":"product_brand","embeddable":true,"href":"https:\/\/lunzimalito.com\/index.php?rest_route=%2Fwp%2Fv2%2Fproduct_brand&post=5600"},{"taxonomy":"product_cat","embeddable":true,"href":"https:\/\/lunzimalito.com\/index.php?rest_route=%2Fwp%2Fv2%2Fproduct_cat&post=5600"},{"taxonomy":"product_tag","embeddable":true,"href":"https:\/\/lunzimalito.com\/index.php?rest_route=%2Fwp%2Fv2%2Fproduct_tag&post=5600"}],"curies":[{"name":"wp","href":"https:\/\/api.w.org\/{rel}","templated":true}]}}