{"id":5595,"date":"2025-04-20T12:45:59","date_gmt":"2025-04-20T11:45:59","guid":{"rendered":"https:\/\/lunzimalito.com\/?product=spodnie-damskie-besic"},"modified":"2025-04-20T12:45:59","modified_gmt":"2025-04-20T11:45:59","slug":"spodnie-damskie-besic","status":"publish","type":"product","link":"https:\/\/lunzimalito.com\/?product=spodnie-damskie-besic","title":{"rendered":"Spodnie damskie Besic"},"content":{"rendered":"<p>Spodnie <strong data-start=\"577\" data-end=\"608\">Besic Women&#8217;s Fashion Pants<\/strong> to idealne po\u0142\u0105czenie prostoty i wyrafinowania &#8211; codzienny niezb\u0119dnik, kt\u00f3ry nigdy nie wychodzi z mody. Spodnie te zosta\u0142y starannie zaprojektowane, aby zapewni\u0107 czyst\u0105, pochlebn\u0105 sylwetk\u0119, kt\u00f3ra bez wysi\u0142ku pasuje do ka\u017cdej garderoby. Niezale\u017cnie od tego, czy wybierasz si\u0119 do pracy, za\u0142atwiasz sprawy, czy spotykasz si\u0119 z przyjaci\u00f3\u0142mi, te spodnie s\u0105 stworzone, aby pasowa\u0107 do Twojego klimatu  <\/p>\n<p>\u017bycie jest intensywne, a ubrania powinny za nim nad\u0105\u017ca\u0107. Spodnie Besic s\u0105 wykonane z oddychaj\u0105cego, lekkiego materia\u0142u, kt\u00f3ry rozci\u0105ga si\u0119 na tyle, aby porusza\u0107 si\u0119 wraz z tob\u0105, zachowuj\u0105c sw\u00f3j kszta\u0142t przez ca\u0142y dzie\u0144. Wysoki stan i dopasowany kr\u00f3j dopasowuj\u0105 si\u0119 do ka\u017cdej kr\u0105g\u0142o\u015bci, nie czuj\u0105c si\u0119 zbyt ciasno lub zbyt lu\u017ano.  <\/p>\n","protected":false},"excerpt":{"rendered":"<p>\u017bycie jest intensywne, a ubrania powinny za nim nad\u0105\u017ca\u0107. Spodnie Besic s\u0105 wykonane z oddychaj\u0105cego, lekkiego materia\u0142u, kt\u00f3ry rozci\u0105ga si\u0119 na tyle, aby porusza\u0107 si\u0119 wraz z tob\u0105, zachowuj\u0105c sw\u00f3j kszta\u0142t przez ca\u0142y dzie\u0144. Wysoki stan i dopasowany kr\u00f3j dopasowuj\u0105 si\u0119 do ka\u017cdej kr\u0105g\u0142o\u015bci, nie czuj\u0105c si\u0119 zbyt ciasno lub zbyt lu\u017ano.  <\/p>\n","protected":false},"featured_media":4462,"comment_status":"open","ping_status":"closed","template":"","meta":{"_joinchat":[]},"product_brand":[],"product_cat":[374],"product_tag":[416,395,377,376],"class_list":{"0":"post-5595","1":"product","2":"type-product","3":"status-publish","4":"has-post-thumbnail","6":"product_cat-bez-kategorii","7":"product_tag-kobiety","8":"product_tag-marka","9":"product_tag-moda","10":"product_tag-ubrania","12":"first","13":"instock","14":"sale","15":"shipping-taxable","16":"purchasable","17":"product-type-simple"},"_links":{"self":[{"href":"https:\/\/lunzimalito.com\/index.php?rest_route=\/wp\/v2\/product\/5595","targetHints":{"allow":["GET"]}}],"collection":[{"href":"https:\/\/lunzimalito.com\/index.php?rest_route=\/wp\/v2\/product"}],"about":[{"href":"https:\/\/lunzimalito.com\/index.php?rest_route=\/wp\/v2\/types\/product"}],"replies":[{"embeddable":true,"href":"https:\/\/lunzimalito.com\/index.php?rest_route=%2Fwp%2Fv2%2Fcomments&post=5595"}],"wp:featuredmedia":[{"embeddable":true,"href":"https:\/\/lunzimalito.com\/index.php?rest_route=\/wp\/v2\/media\/4462"}],"wp:attachment":[{"href":"https:\/\/lunzimalito.com\/index.php?rest_route=%2Fwp%2Fv2%2Fmedia&parent=5595"}],"wp:term":[{"taxonomy":"product_brand","embeddable":true,"href":"https:\/\/lunzimalito.com\/index.php?rest_route=%2Fwp%2Fv2%2Fproduct_brand&post=5595"},{"taxonomy":"product_cat","embeddable":true,"href":"https:\/\/lunzimalito.com\/index.php?rest_route=%2Fwp%2Fv2%2Fproduct_cat&post=5595"},{"taxonomy":"product_tag","embeddable":true,"href":"https:\/\/lunzimalito.com\/index.php?rest_route=%2Fwp%2Fv2%2Fproduct_tag&post=5595"}],"curies":[{"name":"wp","href":"https:\/\/api.w.org\/{rel}","templated":true}]}}