{"id":5594,"date":"2025-04-20T12:11:31","date_gmt":"2025-04-20T11:11:31","guid":{"rendered":"https:\/\/lunzimalito.com\/?product=spodnie-damskie-cudi-mom-fit"},"modified":"2025-04-20T12:11:31","modified_gmt":"2025-04-20T11:11:31","slug":"spodnie-damskie-cudi-mom-fit","status":"publish","type":"product","link":"https:\/\/lunzimalito.com\/?product=spodnie-damskie-cudi-mom-fit","title":{"rendered":"Spodnie damskie CUDI MOM FIT"},"content":{"rendered":"<p class=\"\" data-start=\"587\" data-end=\"924\">Spodnie <strong data-start=\"591\" data-end=\"620\">damskie CUDI MOM FIT<\/strong> to doskona\u0142y wyb\u00f3r, je\u015bli chodzi o swobodny, swobodny wygl\u0105d modelki. Zainspirowane kultow\u0105 sylwetk\u0105 mom jeans, te modne spodnie przywo\u0142uj\u0105 to, co najlepsze w latach 90-tych &#8211; z wysokim stanem, lu\u017ane w biodrach i zw\u0119\u017cane w kostce &#8211; ale ze wsp\u00f3\u0142czesn\u0105 aktualizacj\u0105, kt\u00f3ra schlebia ka\u017cdej figurze. <\/p>\n<p class=\"\" data-start=\"1321\" data-end=\"1592\">Zaprojektowane z wysokim stanem i obszernymi biodrami, spodnie te \u015bci\u0105gaj\u0105 si\u0119 w odpowiednich miejscach i rozlu\u017aniaj\u0105 tam, gdzie to wa\u017cne. Dopasowany kr\u00f3j zapewnia smuk\u0142e wyko\u0144czenie kostki &#8211; idealne do trampek, szpilek lub but\u00f3w. A dzi\u0119ki uniwersalnej rozmiar\u00f3wce ka\u017cda kobieta mo\u017ce znale\u017a\u0107 swoj\u0105 idealn\u0105 par\u0119.  <\/p>\n","protected":false},"excerpt":{"rendered":"<p class=\"\" data-start=\"1321\" data-end=\"1592\">Zaprojektowane z wysokim stanem i obszernymi biodrami, spodnie te \u015bci\u0105gaj\u0105 si\u0119 w odpowiednich miejscach i rozlu\u017aniaj\u0105 tam, gdzie to wa\u017cne. Dopasowany kr\u00f3j zapewnia smuk\u0142e wyko\u0144czenie kostki &#8211; idealne do trampek, szpilek lub but\u00f3w. A dzi\u0119ki uniwersalnej rozmiar\u00f3wce ka\u017cda kobieta mo\u017ce znale\u017a\u0107 swoj\u0105 idealn\u0105 par\u0119.  <\/p>\n","protected":false},"featured_media":4453,"comment_status":"open","ping_status":"closed","template":"","meta":{"_joinchat":[]},"product_brand":[],"product_cat":[374],"product_tag":[377,376],"class_list":{"0":"post-5594","1":"product","2":"type-product","3":"status-publish","4":"has-post-thumbnail","6":"product_cat-bez-kategorii","7":"product_tag-moda","8":"product_tag-ubrania","10":"first","11":"instock","12":"sale","13":"shipping-taxable","14":"purchasable","15":"product-type-simple"},"_links":{"self":[{"href":"https:\/\/lunzimalito.com\/index.php?rest_route=\/wp\/v2\/product\/5594","targetHints":{"allow":["GET"]}}],"collection":[{"href":"https:\/\/lunzimalito.com\/index.php?rest_route=\/wp\/v2\/product"}],"about":[{"href":"https:\/\/lunzimalito.com\/index.php?rest_route=\/wp\/v2\/types\/product"}],"replies":[{"embeddable":true,"href":"https:\/\/lunzimalito.com\/index.php?rest_route=%2Fwp%2Fv2%2Fcomments&post=5594"}],"wp:featuredmedia":[{"embeddable":true,"href":"https:\/\/lunzimalito.com\/index.php?rest_route=\/wp\/v2\/media\/4453"}],"wp:attachment":[{"href":"https:\/\/lunzimalito.com\/index.php?rest_route=%2Fwp%2Fv2%2Fmedia&parent=5594"}],"wp:term":[{"taxonomy":"product_brand","embeddable":true,"href":"https:\/\/lunzimalito.com\/index.php?rest_route=%2Fwp%2Fv2%2Fproduct_brand&post=5594"},{"taxonomy":"product_cat","embeddable":true,"href":"https:\/\/lunzimalito.com\/index.php?rest_route=%2Fwp%2Fv2%2Fproduct_cat&post=5594"},{"taxonomy":"product_tag","embeddable":true,"href":"https:\/\/lunzimalito.com\/index.php?rest_route=%2Fwp%2Fv2%2Fproduct_tag&post=5594"}],"curies":[{"name":"wp","href":"https:\/\/api.w.org\/{rel}","templated":true}]}}