{"id":5593,"date":"2025-04-20T13:14:43","date_gmt":"2025-04-20T12:14:43","guid":{"rendered":"https:\/\/lunzimalito.com\/?product=jeansy-damskie-real-focus"},"modified":"2025-04-20T13:14:43","modified_gmt":"2025-04-20T12:14:43","slug":"jeansy-damskie-real-focus","status":"publish","type":"product","link":"https:\/\/lunzimalito.com\/?product=jeansy-damskie-real-focus","title":{"rendered":"Jeansy damskie REAL FOCUS"},"content":{"rendered":"<p><strong data-start=\"606\" data-end=\"634\">Jeansy damskie REAL FOCUS<\/strong> to nowa ulubiona para, kt\u00f3ra zosta\u0142a stworzona z my\u015bl\u0105 o prawdziwym \u017cyciu, prawdziwych kr\u0105g\u0142o\u015bciach i prawdziwym komforcie. Zaprojektowane z my\u015bl\u0105 o nowoczesnej kobiecie, te d\u017cinsy \u0142\u0105cz\u0105 modne kroje z nienagannym dopasowaniem, kt\u00f3re otula Twoje kszta\u0142ty i podkre\u015bla Twoj\u0105 naturaln\u0105 sylwetk\u0119 <\/p>\n<p>D\u017cinsy REAL FOCUS dopasowuj\u0105 si\u0119 do Twojego stylu \u017cycia, niezale\u017cnie od tego, czy ubierasz si\u0119 na co dzie\u0144, czy na co dzie\u0144. Wysoki stan zapewnia elegancki efekt wyg\u0142adzenia brzucha, a elastyczny materia\u0142 zapewnia swobod\u0119 ruch\u00f3w przez ca\u0142y dzie\u0144. Koniec z obwis\u0142o\u015bci\u0105, luzem lub szczypaniem &#8211; po prostu odpowiednia ilo\u015b\u0107 dopasowania we wszystkich w\u0142a\u015bciwych miejscach.  <\/p>\n","protected":false},"excerpt":{"rendered":"<p>D\u017cinsy REAL FOCUS dopasowuj\u0105 si\u0119 do Twojego stylu \u017cycia, niezale\u017cnie od tego, czy ubierasz si\u0119 na co dzie\u0144, czy na co dzie\u0144. Wysoki stan zapewnia elegancki efekt wyg\u0142adzenia brzucha, a elastyczny materia\u0142 zapewnia swobod\u0119 ruch\u00f3w przez ca\u0142y dzie\u0144. Koniec z obwis\u0142o\u015bci\u0105, luzem lub szczypaniem &#8211; po prostu odpowiednia ilo\u015b\u0107 dopasowania we wszystkich w\u0142a\u015bciwych miejscach.  <\/p>\n","protected":false},"featured_media":4474,"comment_status":"open","ping_status":"closed","template":"","meta":{"_joinchat":[]},"product_brand":[],"product_cat":[374],"product_tag":[381,395,377,376],"class_list":{"0":"post-5593","1":"product","2":"type-product","3":"status-publish","4":"has-post-thumbnail","6":"product_cat-bez-kategorii","7":"product_tag-damskie","8":"product_tag-marka","9":"product_tag-moda","10":"product_tag-ubrania","12":"first","13":"instock","14":"sale","15":"shipping-taxable","16":"purchasable","17":"product-type-simple"},"_links":{"self":[{"href":"https:\/\/lunzimalito.com\/index.php?rest_route=\/wp\/v2\/product\/5593","targetHints":{"allow":["GET"]}}],"collection":[{"href":"https:\/\/lunzimalito.com\/index.php?rest_route=\/wp\/v2\/product"}],"about":[{"href":"https:\/\/lunzimalito.com\/index.php?rest_route=\/wp\/v2\/types\/product"}],"replies":[{"embeddable":true,"href":"https:\/\/lunzimalito.com\/index.php?rest_route=%2Fwp%2Fv2%2Fcomments&post=5593"}],"wp:featuredmedia":[{"embeddable":true,"href":"https:\/\/lunzimalito.com\/index.php?rest_route=\/wp\/v2\/media\/4474"}],"wp:attachment":[{"href":"https:\/\/lunzimalito.com\/index.php?rest_route=%2Fwp%2Fv2%2Fmedia&parent=5593"}],"wp:term":[{"taxonomy":"product_brand","embeddable":true,"href":"https:\/\/lunzimalito.com\/index.php?rest_route=%2Fwp%2Fv2%2Fproduct_brand&post=5593"},{"taxonomy":"product_cat","embeddable":true,"href":"https:\/\/lunzimalito.com\/index.php?rest_route=%2Fwp%2Fv2%2Fproduct_cat&post=5593"},{"taxonomy":"product_tag","embeddable":true,"href":"https:\/\/lunzimalito.com\/index.php?rest_route=%2Fwp%2Fv2%2Fproduct_tag&post=5593"}],"curies":[{"name":"wp","href":"https:\/\/api.w.org\/{rel}","templated":true}]}}