{"id":5591,"date":"2025-04-20T08:17:50","date_gmt":"2025-04-20T07:17:50","guid":{"rendered":"https:\/\/lunzimalito.com\/?product=collection-de-pantalons-pour-femmes-zeo-basic"},"modified":"2025-04-20T08:17:50","modified_gmt":"2025-04-20T07:17:50","slug":"collection-de-pantalons-pour-femmes-zeo-basic","status":"publish","type":"product","link":"https:\/\/lunzimalito.com\/?product=collection-de-pantalons-pour-femmes-zeo-basic","title":{"rendered":"Collection de pantalons pour femmes Zeo Basic"},"content":{"rendered":"<p class=\"\" data-start=\"536\" data-end=\"917\">La <strong data-start=\"540\" data-end=\"578\">collection de pantalons pour femmes Zeo Basic<\/strong> est votre nouvelle destination pour une mode quotidienne sans effort. Con\u00e7ue pour la femme moderne, cette collection allie \u00e9l\u00e9gance minimaliste et confort in\u00e9gal\u00e9. Que vous alliez au travail, que vous vous d\u00e9tendiez \u00e0 la maison ou que vous sortiez prendre un caf\u00e9, ces pantalons sont con\u00e7us pour bouger avec vous, tout en vous donnant une allure \u00e9l\u00e9gante.  <\/p>\n<p class=\"\" data-start=\"919\" data-end=\"1260\">Fabriqu\u00e9 dans des tissus doux et respirants avec juste ce qu&#8217;il faut d&#8217;extensibilit\u00e9, chaque paire offre une coupe flatteuse qui \u00e9pouse tous les contours sans compromettre le confort. Avec des lignes \u00e9pur\u00e9es, des tons neutres et des coupes polyvalentes, le pantalon Zeo Basic est facile \u00e0 combiner avec tout ce qui se trouve dans votre garde-robe, des boutons de chemise aux tee-shirts surdimensionn\u00e9s. <\/p>\n<p class=\"\" data-start=\"1262\" data-end=\"1540\">Disponible dans une vari\u00e9t\u00e9 de silhouettes, y compris des mod\u00e8les <strong data-start=\"1310\" data-end=\"1363\">\u00e0 jambes droites, fusel\u00e9es, \u00e0 taille haute et \u00e0 jambes larges<\/strong>, cette collection r\u00e9pond \u00e0 toutes les pr\u00e9f\u00e9rences en mati\u00e8re de style. Et le meilleur ? Ces v\u00eatements sont intemporels. Pas d&#8217;imprim\u00e9s criards. Pas de tendances \u00e9ph\u00e9m\u00e8res. Juste une mode classique et portable, faite pour durer.     <\/p>\n<p class=\"\" data-start=\"1542\" data-end=\"1756\">Que vous vous constituiez une garde-robe capsule ou que vous ayez simplement besoin d&#8217;un pantalon fiable et polyvalent, la <strong data-start=\"1647\" data-end=\"1685\">collection de pantalons Zeo Basic pour femmes<\/strong> est l\u00e0 pour vous faciliter la vie &#8211; et vous donner beaucoup plus de style.<\/p>\n","protected":false},"excerpt":{"rendered":"<p>Soyons r\u00e9alistes : le monde de la mode f\u00e9minine a radicalement chang\u00e9. La pand\u00e9mie a fait du confort le roi, et aujourd&#8217;hui, les femmes recherchent des v\u00eatements aussi agr\u00e9ables \u00e0 porter qu&#8217;\u00e0 regarder. Zeo Basic a su r\u00e9pondre \u00e0 cette attente.  <\/p>\n","protected":false},"featured_media":4407,"comment_status":"open","ping_status":"closed","template":"","meta":{"_joinchat":[]},"product_brand":[],"product_cat":[373],"product_tag":[394,389,390,382],"class_list":{"0":"post-5591","1":"product","2":"type-product","3":"status-publish","4":"has-post-thumbnail","6":"product_cat-non-categorise","7":"product_tag-le-monde-de-la-mode","8":"product_tag-marque","9":"product_tag-mode-femmes","10":"product_tag-vetements","12":"first","13":"instock","14":"sale","15":"shipping-taxable","16":"purchasable","17":"product-type-simple"},"_links":{"self":[{"href":"https:\/\/lunzimalito.com\/index.php?rest_route=\/wp\/v2\/product\/5591","targetHints":{"allow":["GET"]}}],"collection":[{"href":"https:\/\/lunzimalito.com\/index.php?rest_route=\/wp\/v2\/product"}],"about":[{"href":"https:\/\/lunzimalito.com\/index.php?rest_route=\/wp\/v2\/types\/product"}],"replies":[{"embeddable":true,"href":"https:\/\/lunzimalito.com\/index.php?rest_route=%2Fwp%2Fv2%2Fcomments&post=5591"}],"wp:featuredmedia":[{"embeddable":true,"href":"https:\/\/lunzimalito.com\/index.php?rest_route=\/wp\/v2\/media\/4407"}],"wp:attachment":[{"href":"https:\/\/lunzimalito.com\/index.php?rest_route=%2Fwp%2Fv2%2Fmedia&parent=5591"}],"wp:term":[{"taxonomy":"product_brand","embeddable":true,"href":"https:\/\/lunzimalito.com\/index.php?rest_route=%2Fwp%2Fv2%2Fproduct_brand&post=5591"},{"taxonomy":"product_cat","embeddable":true,"href":"https:\/\/lunzimalito.com\/index.php?rest_route=%2Fwp%2Fv2%2Fproduct_cat&post=5591"},{"taxonomy":"product_tag","embeddable":true,"href":"https:\/\/lunzimalito.com\/index.php?rest_route=%2Fwp%2Fv2%2Fproduct_tag&post=5591"}],"curies":[{"name":"wp","href":"https:\/\/api.w.org\/{rel}","templated":true}]}}