{"id":5589,"date":"2025-04-20T11:49:53","date_gmt":"2025-04-20T10:49:53","guid":{"rendered":"https:\/\/lunzimalito.com\/?product=spodnie-damskie-sherocco-fashionable"},"modified":"2025-04-20T11:49:53","modified_gmt":"2025-04-20T10:49:53","slug":"spodnie-damskie-sherocco-fashionable","status":"publish","type":"product","link":"https:\/\/lunzimalito.com\/?product=spodnie-damskie-sherocco-fashionable","title":{"rendered":"Spodnie damskie Sherocco Fashionable"},"content":{"rendered":"<p class=\"\" data-start=\"2814\" data-end=\"3171\">Raz na jaki\u015b czas pojawia si\u0119 ubranie, kt\u00f3re natychmiast staje si\u0119 podstaw\u0105 garderoby. Dok\u0142adnie takie s\u0105 <strong data-start=\"2935\" data-end=\"2972\">spodnie damskie Sherocco Fashionable<\/strong> &#8211; ponadczasowe po\u0142\u0105czenie stylu, wygody i niewymuszonej elegancji. Niezale\u017cnie od tego, czy idziesz do biura, czy odpoczywasz podczas weekendowego wypadu, te spodnie zosta\u0142y zaprojektowane tak, aby nad\u0105\u017ca\u0107 za Twoim stylem \u017cycia.  <\/p>\n<h2 class=\"\" data-start=\"3173\" data-end=\"3232\"><strong data-start=\"3176\" data-end=\"3232\">Dlaczego ka\u017cda kobieta potrzebuje stylowych, ale wygodnych spodni?<\/strong><\/h2>\n<p class=\"\" data-start=\"3234\" data-end=\"3465\">B\u0105d\u017amy szczerzy &#8211; wygoda jest kluczowa. Ale kto powiedzia\u0142, \u017ce trzeba po\u015bwi\u0119ci\u0107 styl, aby czu\u0107 si\u0119 dobrze? Sherocco udowadnia, \u017ce mo\u017cna mie\u0107 jedno i drugie. Te spodnie przytulaj\u0105 Ci\u0119 we wszystkich w\u0142a\u015bciwych miejscach, poruszaj\u0105 si\u0119 wraz z Twoim cia\u0142em i sprawiaj\u0105, \u017ce wygl\u0105dasz absolutnie osza\u0142amiaj\u0105co.   <\/p>\n","protected":false},"excerpt":{"rendered":"<p>Sherocco to celebracja nowoczesnej kobieco\u015bci. Ich projekty odzwierciedlaj\u0105 pewno\u015b\u0107 siebie, elegancj\u0119 i si\u0142\u0119 kobiet na ca\u0142ym \u015bwiecie. Marka wierzy, \u017ce moda powinna wzmacnia\u0107, a nie ogranicza\u0107 &#8211; i mo\u017cna to poczu\u0107 w ka\u017cdym szwie ich spodni.  <\/p>\n","protected":false},"featured_media":4444,"comment_status":"open","ping_status":"closed","template":"","meta":{"_joinchat":[]},"product_brand":[],"product_cat":[374],"product_tag":[381,395,377,376],"class_list":{"0":"post-5589","1":"product","2":"type-product","3":"status-publish","4":"has-post-thumbnail","6":"product_cat-bez-kategorii","7":"product_tag-damskie","8":"product_tag-marka","9":"product_tag-moda","10":"product_tag-ubrania","12":"first","13":"instock","14":"sale","15":"shipping-taxable","16":"purchasable","17":"product-type-simple"},"_links":{"self":[{"href":"https:\/\/lunzimalito.com\/index.php?rest_route=\/wp\/v2\/product\/5589","targetHints":{"allow":["GET"]}}],"collection":[{"href":"https:\/\/lunzimalito.com\/index.php?rest_route=\/wp\/v2\/product"}],"about":[{"href":"https:\/\/lunzimalito.com\/index.php?rest_route=\/wp\/v2\/types\/product"}],"replies":[{"embeddable":true,"href":"https:\/\/lunzimalito.com\/index.php?rest_route=%2Fwp%2Fv2%2Fcomments&post=5589"}],"wp:featuredmedia":[{"embeddable":true,"href":"https:\/\/lunzimalito.com\/index.php?rest_route=\/wp\/v2\/media\/4444"}],"wp:attachment":[{"href":"https:\/\/lunzimalito.com\/index.php?rest_route=%2Fwp%2Fv2%2Fmedia&parent=5589"}],"wp:term":[{"taxonomy":"product_brand","embeddable":true,"href":"https:\/\/lunzimalito.com\/index.php?rest_route=%2Fwp%2Fv2%2Fproduct_brand&post=5589"},{"taxonomy":"product_cat","embeddable":true,"href":"https:\/\/lunzimalito.com\/index.php?rest_route=%2Fwp%2Fv2%2Fproduct_cat&post=5589"},{"taxonomy":"product_tag","embeddable":true,"href":"https:\/\/lunzimalito.com\/index.php?rest_route=%2Fwp%2Fv2%2Fproduct_tag&post=5589"}],"curies":[{"name":"wp","href":"https:\/\/api.w.org\/{rel}","templated":true}]}}