{"id":5587,"date":"2025-04-20T08:17:50","date_gmt":"2025-04-20T07:17:50","guid":{"rendered":"https:\/\/lunzimalito.com\/?product=kolekcja-spodni-damskich-zeo-basic"},"modified":"2025-04-20T08:17:50","modified_gmt":"2025-04-20T07:17:50","slug":"kolekcja-spodni-damskich-zeo-basic","status":"publish","type":"product","link":"https:\/\/lunzimalito.com\/?product=kolekcja-spodni-damskich-zeo-basic","title":{"rendered":"Kolekcja spodni damskich Zeo Basic"},"content":{"rendered":"<p class=\"\" data-start=\"536\" data-end=\"917\"><strong data-start=\"540\" data-end=\"578\">Kolekcja spodni damskich Zeo Basic<\/strong> to nowe miejsce, w kt\u00f3rym bez wysi\u0142ku mo\u017cna nosi\u0107 codzienn\u0105 mod\u0119. Zaprojektowana z my\u015bl\u0105 o nowoczesnej kobiecie, kolekcja ta \u0142\u0105czy minimalistyczn\u0105 elegancj\u0119 z niezr\u00f3wnanym komfortem. Niezale\u017cnie od tego, czy wybierasz si\u0119 do pracy, wylegujesz si\u0119 w domu, czy wychodzisz na kaw\u0119, te spodnie s\u0105 stworzone, aby porusza\u0107 si\u0119 razem z Tob\u0105 &#8211; zachowuj\u0105c przy tym elegancki wygl\u0105d.  <\/p>\n<p class=\"\" data-start=\"919\" data-end=\"1260\">Wykonane z mi\u0119kkich, oddychaj\u0105cych tkanin z odpowiedni\u0105 ilo\u015bci\u0105 stretchu, ka\u017cda para oferuje pochlebne dopasowanie, kt\u00f3re obejmuje wszystkie w\u0142a\u015bciwe miejsca bez uszczerbku dla komfortu. Dzi\u0119ki czystym liniom, neutralnym odcieniom i wszechstronnym krojom, spodnie Zeo Basic mo\u017cna \u0142atwo \u0142\u0105czy\u0107 ze wszystkim w swojej garderobie &#8211; od wyrazistych koszul z guzikami po koszulki oversize. <\/p>\n<p class=\"\" data-start=\"1262\" data-end=\"1540\">Dost\u0119pna w r\u00f3\u017cnych krojach, w tym <strong data-start=\"1310\" data-end=\"1363\">z prostymi nogawkami, zw\u0119\u017canymi, z wysokim stanem i szerokimi nogawkami<\/strong>, kolekcja ta zaspokoi wszystkie preferencje stylistyczne. A co najlepsze? S\u0105 ponadczasowe. \u017badnych krzykliwych nadruk\u00f3w. \u017badnych ulotnych trend\u00f3w. Po prostu klasyczna, wygodna moda stworzona z my\u015bl\u0105 o trwa\u0142o\u015bci.     <\/p>\n<p class=\"\" data-start=\"1542\" data-end=\"1756\">Niezale\u017cnie od tego, czy budujesz garderob\u0119 kapsu\u0142ow\u0105, czy po prostu potrzebujesz niezawodnej pary spodni, kt\u00f3re potrafi\u0105 wszystko, <strong data-start=\"1647\" data-end=\"1685\">kolekcja spodni damskich Zeo Basic<\/strong> jest tutaj, aby Twoje \u017cycie by\u0142o o wiele \u0142atwiejsze &#8211; i o wiele bardziej stylowe.<\/p>\n","protected":false},"excerpt":{"rendered":"<p>B\u0105d\u017amy szczerzy &#8211; \u015bwiat mody damskiej zmieni\u0142 si\u0119 diametralnie. Pandemia sprawi\u0142a, \u017ce komfort sta\u0142 si\u0119 kr\u00f3lem, a teraz kobiety szukaj\u0105 ubra\u0144, kt\u00f3re czuj\u0105 si\u0119 tak dobrze, jak wygl\u0105daj\u0105. Zeo Basic trafi\u0142a w samo sedno.  <\/p>\n","protected":false},"featured_media":4408,"comment_status":"open","ping_status":"closed","template":"","meta":{"_joinchat":[]},"product_brand":[],"product_cat":[374],"product_tag":[395,396,406,376],"class_list":{"0":"post-5587","1":"product","2":"type-product","3":"status-publish","4":"has-post-thumbnail","6":"product_cat-bez-kategorii","7":"product_tag-marka","8":"product_tag-moda-damska","9":"product_tag-swiat-mody","10":"product_tag-ubrania","12":"first","13":"instock","14":"sale","15":"shipping-taxable","16":"purchasable","17":"product-type-simple"},"_links":{"self":[{"href":"https:\/\/lunzimalito.com\/index.php?rest_route=\/wp\/v2\/product\/5587","targetHints":{"allow":["GET"]}}],"collection":[{"href":"https:\/\/lunzimalito.com\/index.php?rest_route=\/wp\/v2\/product"}],"about":[{"href":"https:\/\/lunzimalito.com\/index.php?rest_route=\/wp\/v2\/types\/product"}],"replies":[{"embeddable":true,"href":"https:\/\/lunzimalito.com\/index.php?rest_route=%2Fwp%2Fv2%2Fcomments&post=5587"}],"wp:featuredmedia":[{"embeddable":true,"href":"https:\/\/lunzimalito.com\/index.php?rest_route=\/wp\/v2\/media\/4408"}],"wp:attachment":[{"href":"https:\/\/lunzimalito.com\/index.php?rest_route=%2Fwp%2Fv2%2Fmedia&parent=5587"}],"wp:term":[{"taxonomy":"product_brand","embeddable":true,"href":"https:\/\/lunzimalito.com\/index.php?rest_route=%2Fwp%2Fv2%2Fproduct_brand&post=5587"},{"taxonomy":"product_cat","embeddable":true,"href":"https:\/\/lunzimalito.com\/index.php?rest_route=%2Fwp%2Fv2%2Fproduct_cat&post=5587"},{"taxonomy":"product_tag","embeddable":true,"href":"https:\/\/lunzimalito.com\/index.php?rest_route=%2Fwp%2Fv2%2Fproduct_tag&post=5587"}],"curies":[{"name":"wp","href":"https:\/\/api.w.org\/{rel}","templated":true}]}}