{"id":5585,"date":"2025-04-20T09:43:21","date_gmt":"2025-04-20T08:43:21","guid":{"rendered":"https:\/\/lunzimalito.com\/?product=pantalon-de-base-pour-femme-collection"},"modified":"2025-04-20T09:43:21","modified_gmt":"2025-04-20T08:43:21","slug":"pantalon-de-base-pour-femme-collection","status":"publish","type":"product","link":"https:\/\/lunzimalito.com\/?product=pantalon-de-base-pour-femme-collection","title":{"rendered":"Pantalon de base pour femme Collection."},"content":{"rendered":"<p>Des milliers de femmes sont d\u00e9j\u00e0 tomb\u00e9es amoureuses de la <strong data-start=\"1651\" data-end=\"1690\">collection de pantalons pour femmes It&#8217;s Basic<\/strong>, et nous avons h\u00e2te que vous l&#8217;essayiez vous aussi. Que vous souhaitiez rester discr\u00e8te ou vous mettre sur votre <strong data-start=\"731\" data-end=\"754\">trente-et-un<\/strong>, ces pantalons sont l\u00e0 pour vous aider, tous les jours. Con\u00e7us pour \u00eatre port\u00e9s tous les jours, ces pantalons offrent une silhouette nette et moderne qui flatte toutes les morphologies. Que vous vous habilliez pour le travail, que vous vous d\u00e9tendiez \u00e0 la maison ou que vous sortiez pour une journ\u00e9e d\u00e9contract\u00e9e avec des amis, ces pantalons sont faits pour bouger avec vous &#8211; confortablement et en toute confiance.   <\/p>\n","protected":false},"excerpt":{"rendered":"<p>Cette collection est synonyme d&#8217;<strong data-start=\"731\" data-end=\"754\">\u00e9l\u00e9gance sans effort<\/strong>. Con\u00e7us pour \u00eatre port\u00e9s tous les jours, ces pantalons offrent une silhouette nette et moderne qui flatte toutes les morphologies. Que vous vous habilliez pour le travail, que vous vous d\u00e9tendiez \u00e0 la maison ou que vous sortiez pour une journ\u00e9e d\u00e9contract\u00e9e avec des amis, ces pantalons sont faits pour bouger avec vous &#8211; confortablement et en toute confiance.  <\/p>\n","protected":false},"featured_media":4425,"comment_status":"open","ping_status":"closed","template":"","meta":{"_joinchat":[]},"product_brand":[],"product_cat":[373],"product_tag":[387,394,390,382],"class_list":{"0":"post-5585","1":"product","2":"type-product","3":"status-publish","4":"has-post-thumbnail","6":"product_cat-non-categorise","7":"product_tag-femmes","8":"product_tag-le-monde-de-la-mode","9":"product_tag-mode-femmes","10":"product_tag-vetements","12":"first","13":"instock","14":"sale","15":"shipping-taxable","16":"purchasable","17":"product-type-simple"},"_links":{"self":[{"href":"https:\/\/lunzimalito.com\/index.php?rest_route=\/wp\/v2\/product\/5585","targetHints":{"allow":["GET"]}}],"collection":[{"href":"https:\/\/lunzimalito.com\/index.php?rest_route=\/wp\/v2\/product"}],"about":[{"href":"https:\/\/lunzimalito.com\/index.php?rest_route=\/wp\/v2\/types\/product"}],"replies":[{"embeddable":true,"href":"https:\/\/lunzimalito.com\/index.php?rest_route=%2Fwp%2Fv2%2Fcomments&post=5585"}],"wp:featuredmedia":[{"embeddable":true,"href":"https:\/\/lunzimalito.com\/index.php?rest_route=\/wp\/v2\/media\/4425"}],"wp:attachment":[{"href":"https:\/\/lunzimalito.com\/index.php?rest_route=%2Fwp%2Fv2%2Fmedia&parent=5585"}],"wp:term":[{"taxonomy":"product_brand","embeddable":true,"href":"https:\/\/lunzimalito.com\/index.php?rest_route=%2Fwp%2Fv2%2Fproduct_brand&post=5585"},{"taxonomy":"product_cat","embeddable":true,"href":"https:\/\/lunzimalito.com\/index.php?rest_route=%2Fwp%2Fv2%2Fproduct_cat&post=5585"},{"taxonomy":"product_tag","embeddable":true,"href":"https:\/\/lunzimalito.com\/index.php?rest_route=%2Fwp%2Fv2%2Fproduct_tag&post=5585"}],"curies":[{"name":"wp","href":"https:\/\/api.w.org\/{rel}","templated":true}]}}