{"id":5584,"date":"2025-04-20T10:27:16","date_gmt":"2025-04-20T09:27:16","guid":{"rendered":"https:\/\/lunzimalito.com\/?product=podstawowa-kolekcja-spodni-damskich"},"modified":"2025-04-20T10:27:16","modified_gmt":"2025-04-20T09:27:16","slug":"podstawowa-kolekcja-spodni-damskich","status":"publish","type":"product","link":"https:\/\/lunzimalito.com\/?product=podstawowa-kolekcja-spodni-damskich","title":{"rendered":"Podstawowa kolekcja spodni damskich"},"content":{"rendered":"<p class=\"\" data-start=\"536\" data-end=\"917\"> <strong data-start=\"540\" data-end=\"578\"> Kolekcja spodni damskich Basic<\/strong> to nowy spos\u00f3b na codzienn\u0105 mod\u0119 bez wysi\u0142ku. Zaprojektowana z my\u015bl\u0105 o nowoczesnej kobiecie, kolekcja ta \u0142\u0105czy minimalistyczn\u0105 elegancj\u0119 z niezr\u00f3wnanym komfortem. Niezale\u017cnie od tego, czy wybierasz si\u0119 do pracy, wylegujesz si\u0119 w domu, czy wychodzisz na kaw\u0119, te spodnie s\u0105 stworzone, aby porusza\u0107 si\u0119 razem z Tob\u0105 &#8211; zachowuj\u0105c przy tym elegancki wygl\u0105d.  <\/p>\n<p class=\"\" data-start=\"919\" data-end=\"1260\">Wykonane z mi\u0119kkich, oddychaj\u0105cych tkanin z odpowiedni\u0105 ilo\u015bci\u0105 stretchu, ka\u017cda para oferuje pochlebne dopasowanie, kt\u00f3re obejmuje wszystkie w\u0142a\u015bciwe miejsca bez uszczerbku dla komfortu. Dzi\u0119ki czystym liniom, neutralnym odcieniom i wszechstronnym krojom, spodnie Zeo Basic mo\u017cna \u0142atwo \u0142\u0105czy\u0107 ze wszystkim w swojej garderobie &#8211; od wyrazistych koszul z guzikami po koszulki oversize. <\/p>\n","protected":false},"excerpt":{"rendered":"<p>Z przyjemno\u015bci\u0105 przedstawiamy <strong data-start=\"590\" data-end=\"629\">kolekcj\u0119 spodni damskich It&#8217;s Basic<\/strong> &#8211; gdzie wygoda \u0142\u0105czy si\u0119 ze stylem, a prostota nigdy nie wychodzi z mody.<\/p>\n","protected":false},"featured_media":4435,"comment_status":"open","ping_status":"closed","template":"","meta":{"_joinchat":[]},"product_brand":[],"product_cat":[374],"product_tag":[395,396,406,376],"class_list":{"0":"post-5584","1":"product","2":"type-product","3":"status-publish","4":"has-post-thumbnail","6":"product_cat-bez-kategorii","7":"product_tag-marka","8":"product_tag-moda-damska","9":"product_tag-swiat-mody","10":"product_tag-ubrania","12":"first","13":"instock","14":"sale","15":"shipping-taxable","16":"purchasable","17":"product-type-simple"},"_links":{"self":[{"href":"https:\/\/lunzimalito.com\/index.php?rest_route=\/wp\/v2\/product\/5584","targetHints":{"allow":["GET"]}}],"collection":[{"href":"https:\/\/lunzimalito.com\/index.php?rest_route=\/wp\/v2\/product"}],"about":[{"href":"https:\/\/lunzimalito.com\/index.php?rest_route=\/wp\/v2\/types\/product"}],"replies":[{"embeddable":true,"href":"https:\/\/lunzimalito.com\/index.php?rest_route=%2Fwp%2Fv2%2Fcomments&post=5584"}],"wp:featuredmedia":[{"embeddable":true,"href":"https:\/\/lunzimalito.com\/index.php?rest_route=\/wp\/v2\/media\/4435"}],"wp:attachment":[{"href":"https:\/\/lunzimalito.com\/index.php?rest_route=%2Fwp%2Fv2%2Fmedia&parent=5584"}],"wp:term":[{"taxonomy":"product_brand","embeddable":true,"href":"https:\/\/lunzimalito.com\/index.php?rest_route=%2Fwp%2Fv2%2Fproduct_brand&post=5584"},{"taxonomy":"product_cat","embeddable":true,"href":"https:\/\/lunzimalito.com\/index.php?rest_route=%2Fwp%2Fv2%2Fproduct_cat&post=5584"},{"taxonomy":"product_tag","embeddable":true,"href":"https:\/\/lunzimalito.com\/index.php?rest_route=%2Fwp%2Fv2%2Fproduct_tag&post=5584"}],"curies":[{"name":"wp","href":"https:\/\/api.w.org\/{rel}","templated":true}]}}