{"id":5580,"date":"2025-04-20T10:27:16","date_gmt":"2025-04-20T09:27:16","guid":{"rendered":"https:\/\/lunzimalito.com\/?product=collection-de-pantalons-de-base-pour-femmes"},"modified":"2025-04-20T10:27:16","modified_gmt":"2025-04-20T09:27:16","slug":"collection-de-pantalons-de-base-pour-femmes","status":"publish","type":"product","link":"https:\/\/lunzimalito.com\/?product=collection-de-pantalons-de-base-pour-femmes","title":{"rendered":"Collection de pantalons de base pour femmes"},"content":{"rendered":"<p class=\"\" data-start=\"536\" data-end=\"917\">  La <strong data-start=\"540\" data-end=\"578\"> collection de pantalons pour femmes Basic<\/strong> est votre nouvelle destination pour une mode quotidienne sans effort. Con\u00e7ue pour la femme moderne, cette collection allie \u00e9l\u00e9gance minimaliste et confort in\u00e9gal\u00e9. Que vous alliez au travail, que vous vous d\u00e9tendiez \u00e0 la maison ou que vous sortiez prendre un caf\u00e9, ces pantalons sont con\u00e7us pour bouger avec vous, tout en vous donnant une allure \u00e9l\u00e9gante.  <\/p>\n<p class=\"\" data-start=\"919\" data-end=\"1260\">Fabriqu\u00e9 dans des tissus doux et respirants avec juste ce qu&#8217;il faut d&#8217;extensibilit\u00e9, chaque paire offre une coupe flatteuse qui \u00e9pouse tous les contours sans compromettre le confort. Avec des lignes \u00e9pur\u00e9es, des tons neutres et des coupes polyvalentes, le pantalon Zeo Basic est facile \u00e0 combiner avec tout ce qui se trouve dans votre garde-robe, des boutons de chemise aux tee-shirts surdimensionn\u00e9s. <\/p>\n","protected":false},"excerpt":{"rendered":"<p>Nous sommes ravis de vous pr\u00e9senter la <strong data-start=\"590\" data-end=\"629\">collection de pantalons pour femmes It&#8217;s Basic<\/strong> &#8211; o\u00f9 le confort rencontre le style, et o\u00f9 la simplicit\u00e9 n&#8217;est jamais d\u00e9mod\u00e9e.<\/p>\n","protected":false},"featured_media":4434,"comment_status":"open","ping_status":"closed","template":"","meta":{"_joinchat":[]},"product_brand":[],"product_cat":[373],"product_tag":[394,389,390,382],"class_list":{"0":"post-5580","1":"product","2":"type-product","3":"status-publish","4":"has-post-thumbnail","6":"product_cat-non-categorise","7":"product_tag-le-monde-de-la-mode","8":"product_tag-marque","9":"product_tag-mode-femmes","10":"product_tag-vetements","12":"first","13":"instock","14":"sale","15":"shipping-taxable","16":"purchasable","17":"product-type-simple"},"_links":{"self":[{"href":"https:\/\/lunzimalito.com\/index.php?rest_route=\/wp\/v2\/product\/5580","targetHints":{"allow":["GET"]}}],"collection":[{"href":"https:\/\/lunzimalito.com\/index.php?rest_route=\/wp\/v2\/product"}],"about":[{"href":"https:\/\/lunzimalito.com\/index.php?rest_route=\/wp\/v2\/types\/product"}],"replies":[{"embeddable":true,"href":"https:\/\/lunzimalito.com\/index.php?rest_route=%2Fwp%2Fv2%2Fcomments&post=5580"}],"wp:featuredmedia":[{"embeddable":true,"href":"https:\/\/lunzimalito.com\/index.php?rest_route=\/wp\/v2\/media\/4434"}],"wp:attachment":[{"href":"https:\/\/lunzimalito.com\/index.php?rest_route=%2Fwp%2Fv2%2Fmedia&parent=5580"}],"wp:term":[{"taxonomy":"product_brand","embeddable":true,"href":"https:\/\/lunzimalito.com\/index.php?rest_route=%2Fwp%2Fv2%2Fproduct_brand&post=5580"},{"taxonomy":"product_cat","embeddable":true,"href":"https:\/\/lunzimalito.com\/index.php?rest_route=%2Fwp%2Fv2%2Fproduct_cat&post=5580"},{"taxonomy":"product_tag","embeddable":true,"href":"https:\/\/lunzimalito.com\/index.php?rest_route=%2Fwp%2Fv2%2Fproduct_tag&post=5580"}],"curies":[{"name":"wp","href":"https:\/\/api.w.org\/{rel}","templated":true}]}}