{"id":5578,"date":"2025-04-20T09:08:25","date_gmt":"2025-04-20T08:08:25","guid":{"rendered":"https:\/\/lunzimalito.com\/?product=lunivers-de-la-mode-feminine-relucky"},"modified":"2025-04-20T09:08:25","modified_gmt":"2025-04-20T08:08:25","slug":"lunivers-de-la-mode-feminine-relucky","status":"publish","type":"product","link":"https:\/\/lunzimalito.com\/?product=lunivers-de-la-mode-feminine-relucky","title":{"rendered":"L&#8217;univers de la mode f\u00e9minine Relucky"},"content":{"rendered":"<p class=\"\" data-start=\"535\" data-end=\"796\">Entrez dans l&#8217;<strong data-start=\"549\" data-end=\"582\">univers de la mode f\u00e9minine Relucky<\/strong>, o\u00f9 le style de tous les jours se transforme en quelque chose d&#8217;extraordinaire. Il ne s&#8217;agit pas seulement d&#8217;une collection de v\u00eatements, mais d&#8217;un mode de vie con\u00e7u pour les femmes qui veulent se sentir s\u00fbres d&#8217;elles, \u00e0 l&#8217;aise et chics, o\u00f9 qu&#8217;elles aillent. <\/p>\n<p class=\"\" data-start=\"798\" data-end=\"1066\">Du denim \u00e0 l&#8217;esprit urbain aux articles essentiels de tous les jours, <strong data-start=\"851\" data-end=\"905\">Relucky associe les tendances modernes \u00e0 des mod\u00e8les intemporels<\/strong>. Que vous soyez adepte des looks d\u00e9contract\u00e9s et cool, que vous aimiez un peu d&#8217;audace ou que vous souhaitiez que votre garde-robe refl\u00e8te une \u00e9l\u00e9gance sans effort, Relucky a une pi\u00e8ce qui porte votre nom. <\/p>\n","protected":false},"excerpt":{"rendered":"<p class=\"\" data-start=\"2007\" data-end=\"2317\">Relucky ne se limite pas \u00e0 ce que vous portez &#8211; il s&#8217;agit de ce que vous <em data-start=\"2076\" data-end=\"2082\">ressentez<\/em>. Chaque pi\u00e8ce est con\u00e7ue pour vous aider \u00e0 bouger en toute confiance, \u00e0 exprimer votre personnalit\u00e9 et \u00e0 vous approprier votre moment. Que vous alliez au bureau, que vous rencontriez des amis ou que vous viviez simplement votre journ\u00e9e, Relucky est votre partenaire mode de tous les jours.  <\/p>\n","protected":false},"featured_media":4416,"comment_status":"open","ping_status":"closed","template":"","meta":{"_joinchat":[]},"product_brand":[],"product_cat":[391],"product_tag":[389,390,382],"class_list":{"0":"post-5578","1":"product","2":"type-product","3":"status-publish","4":"has-post-thumbnail","6":"product_cat-relucky-mode-pour-femmes","7":"product_tag-marque","8":"product_tag-mode-femmes","9":"product_tag-vetements","11":"first","12":"instock","13":"sale","14":"shipping-taxable","15":"purchasable","16":"product-type-simple"},"_links":{"self":[{"href":"https:\/\/lunzimalito.com\/index.php?rest_route=\/wp\/v2\/product\/5578","targetHints":{"allow":["GET"]}}],"collection":[{"href":"https:\/\/lunzimalito.com\/index.php?rest_route=\/wp\/v2\/product"}],"about":[{"href":"https:\/\/lunzimalito.com\/index.php?rest_route=\/wp\/v2\/types\/product"}],"replies":[{"embeddable":true,"href":"https:\/\/lunzimalito.com\/index.php?rest_route=%2Fwp%2Fv2%2Fcomments&post=5578"}],"wp:featuredmedia":[{"embeddable":true,"href":"https:\/\/lunzimalito.com\/index.php?rest_route=\/wp\/v2\/media\/4416"}],"wp:attachment":[{"href":"https:\/\/lunzimalito.com\/index.php?rest_route=%2Fwp%2Fv2%2Fmedia&parent=5578"}],"wp:term":[{"taxonomy":"product_brand","embeddable":true,"href":"https:\/\/lunzimalito.com\/index.php?rest_route=%2Fwp%2Fv2%2Fproduct_brand&post=5578"},{"taxonomy":"product_cat","embeddable":true,"href":"https:\/\/lunzimalito.com\/index.php?rest_route=%2Fwp%2Fv2%2Fproduct_cat&post=5578"},{"taxonomy":"product_tag","embeddable":true,"href":"https:\/\/lunzimalito.com\/index.php?rest_route=%2Fwp%2Fv2%2Fproduct_tag&post=5578"}],"curies":[{"name":"wp","href":"https:\/\/api.w.org\/{rel}","templated":true}]}}