{"id":5577,"date":"2025-04-20T07:48:11","date_gmt":"2025-04-20T06:48:11","guid":{"rendered":"https:\/\/lunzimalito.com\/?product=pantalon-de-base-pour-femmes"},"modified":"2025-04-20T07:48:11","modified_gmt":"2025-04-20T06:48:11","slug":"pantalon-de-base-pour-femmes","status":"publish","type":"product","link":"https:\/\/lunzimalito.com\/?product=pantalon-de-base-pour-femmes","title":{"rendered":"Pantalon de base pour femmes"},"content":{"rendered":"<p class=\"\" data-start=\"1776\" data-end=\"2060\">Lorsqu&#8217;il s&#8217;agit de constituer une garde-robe parfaite, les <strong data-start=\"1824\" data-end=\"1862\">pantalons de base sont votre arme secr\u00e8te<\/strong>. Il peut para\u00eetre simple, mais il est l&#8217;\u00e9pine dorsale d&#8217;innombrables tenues &#8211; confortable, polyvalent et styl\u00e9 sans effort. Que vous vous habilliez chic ou d\u00e9contract\u00e9, les pantalons basiques ont votre ba  <\/p>\n<p class=\"\" data-start=\"2927\" data-end=\"3064\">Pas d&#8217;imprim\u00e9s criards ni d&#8217;ornements lourds. Les pantalons basiques sont synonymes de coupes nettes et de simplicit\u00e9 &#8211; parfaits pour cr\u00e9er un look \u00e0 partir de z\u00e9ro. <\/p>\n<p class=\"\" data-start=\"1776\" data-end=\"2060\">\n","protected":false},"excerpt":{"rendered":"<p>Bienvenue dans le monde o\u00f9 le confort rencontre le chic &#8211; le <strong data-start=\"2614\" data-end=\"2639\">pantalon Zeo Basic Ledis<\/strong> prend d&#8217;assaut la sc\u00e8ne de la mode. Que vous vous d\u00e9tendiez \u00e0 la maison, fassiez vos courses ou alliez bruncher, ce pantalon est fait pour s&#8217;adapter \u00e0 votre style de vie <em data-start=\"2794\" data-end=\"2799\">et \u00e0<\/em> votre corps. <\/p>\n","protected":false},"featured_media":4398,"comment_status":"open","ping_status":"closed","template":"","meta":{"_joinchat":[]},"product_brand":[],"product_cat":[386],"product_tag":[387,383,384,382],"class_list":{"0":"post-5577","1":"product","2":"type-product","3":"status-publish","4":"has-post-thumbnail","6":"product_cat-ledis-besic-pantalon","7":"product_tag-femmes","8":"product_tag-la-mode","9":"product_tag-ledis-fashion-fr","10":"product_tag-vetements","12":"first","13":"instock","14":"sale","15":"shipping-taxable","16":"purchasable","17":"product-type-simple"},"_links":{"self":[{"href":"https:\/\/lunzimalito.com\/index.php?rest_route=\/wp\/v2\/product\/5577","targetHints":{"allow":["GET"]}}],"collection":[{"href":"https:\/\/lunzimalito.com\/index.php?rest_route=\/wp\/v2\/product"}],"about":[{"href":"https:\/\/lunzimalito.com\/index.php?rest_route=\/wp\/v2\/types\/product"}],"replies":[{"embeddable":true,"href":"https:\/\/lunzimalito.com\/index.php?rest_route=%2Fwp%2Fv2%2Fcomments&post=5577"}],"wp:featuredmedia":[{"embeddable":true,"href":"https:\/\/lunzimalito.com\/index.php?rest_route=\/wp\/v2\/media\/4398"}],"wp:attachment":[{"href":"https:\/\/lunzimalito.com\/index.php?rest_route=%2Fwp%2Fv2%2Fmedia&parent=5577"}],"wp:term":[{"taxonomy":"product_brand","embeddable":true,"href":"https:\/\/lunzimalito.com\/index.php?rest_route=%2Fwp%2Fv2%2Fproduct_brand&post=5577"},{"taxonomy":"product_cat","embeddable":true,"href":"https:\/\/lunzimalito.com\/index.php?rest_route=%2Fwp%2Fv2%2Fproduct_cat&post=5577"},{"taxonomy":"product_tag","embeddable":true,"href":"https:\/\/lunzimalito.com\/index.php?rest_route=%2Fwp%2Fv2%2Fproduct_tag&post=5577"}],"curies":[{"name":"wp","href":"https:\/\/api.w.org\/{rel}","templated":true}]}}