{"id":5576,"date":"2025-04-20T07:48:11","date_gmt":"2025-04-20T06:48:11","guid":{"rendered":"https:\/\/lunzimalito.com\/?product=podstawowe-spodnie-damskie"},"modified":"2025-04-20T07:48:11","modified_gmt":"2025-04-20T06:48:11","slug":"podstawowe-spodnie-damskie","status":"publish","type":"product","link":"https:\/\/lunzimalito.com\/?product=podstawowe-spodnie-damskie","title":{"rendered":"Podstawowe spodnie damskie"},"content":{"rendered":"<p class=\"\" data-start=\"1776\" data-end=\"2060\">Je\u015bli chodzi o budowanie idealnej garderoby, <strong data-start=\"1824\" data-end=\"1862\">spodnie basic s\u0105 Twoj\u0105 tajn\u0105 broni\u0105<\/strong>. Mog\u0105 wygl\u0105da\u0107 na proste, ale s\u0105 podstaw\u0105 niezliczonych stroj\u00f3w &#8211; wygodne, wszechstronne i stylowe bez wysi\u0142ku. Niezale\u017cnie od tego, czy ubierasz si\u0119 na co dzie\u0144, czy na co dzie\u0144, spodnie typu basic s\u0105 najlepszym wyborem.  <\/p>\n<p class=\"\" data-start=\"2927\" data-end=\"3064\">Bez krzykliwych nadruk\u00f3w i ci\u0119\u017ckich ozd\u00f3b. Spodnie basic to przede wszystkim czyste kroje i prostota &#8211; idealne do budowania ka\u017cdej stylizacji od podstaw. <\/p>\n<p class=\"\" data-start=\"1776\" data-end=\"2060\">\n","protected":false},"excerpt":{"rendered":"<p>Witamy w \u015bwiecie, w kt\u00f3rym wygoda \u0142\u0105czy si\u0119 z szykiem &#8211; <strong data-start=\"2614\" data-end=\"2639\">spodnie Zeo Basic Ledis<\/strong> szturmem zdobywaj\u0105 modow\u0105 scen\u0119. Niezale\u017cnie od tego, czy odpoczywasz w domu, za\u0142atwiasz sprawy, czy wybierasz si\u0119 na brunch, te spodnie s\u0105 stworzone, aby pasowa\u0107 do Twojego stylu \u017cycia <em data-start=\"2794\" data-end=\"2799\">i<\/em> cia\u0142a. <\/p>\n","protected":false},"featured_media":4399,"comment_status":"open","ping_status":"closed","template":"","meta":{"_joinchat":[]},"product_brand":[],"product_cat":[380],"product_tag":[381,378,377,376],"class_list":{"0":"post-5576","1":"product","2":"type-product","3":"status-publish","4":"has-post-thumbnail","6":"product_cat-spodnie-ledis-besic","7":"product_tag-damskie","8":"product_tag-ledis-fashion-pl","9":"product_tag-moda","10":"product_tag-ubrania","12":"first","13":"instock","14":"sale","15":"shipping-taxable","16":"purchasable","17":"product-type-simple"},"_links":{"self":[{"href":"https:\/\/lunzimalito.com\/index.php?rest_route=\/wp\/v2\/product\/5576","targetHints":{"allow":["GET"]}}],"collection":[{"href":"https:\/\/lunzimalito.com\/index.php?rest_route=\/wp\/v2\/product"}],"about":[{"href":"https:\/\/lunzimalito.com\/index.php?rest_route=\/wp\/v2\/types\/product"}],"replies":[{"embeddable":true,"href":"https:\/\/lunzimalito.com\/index.php?rest_route=%2Fwp%2Fv2%2Fcomments&post=5576"}],"wp:featuredmedia":[{"embeddable":true,"href":"https:\/\/lunzimalito.com\/index.php?rest_route=\/wp\/v2\/media\/4399"}],"wp:attachment":[{"href":"https:\/\/lunzimalito.com\/index.php?rest_route=%2Fwp%2Fv2%2Fmedia&parent=5576"}],"wp:term":[{"taxonomy":"product_brand","embeddable":true,"href":"https:\/\/lunzimalito.com\/index.php?rest_route=%2Fwp%2Fv2%2Fproduct_brand&post=5576"},{"taxonomy":"product_cat","embeddable":true,"href":"https:\/\/lunzimalito.com\/index.php?rest_route=%2Fwp%2Fv2%2Fproduct_cat&post=5576"},{"taxonomy":"product_tag","embeddable":true,"href":"https:\/\/lunzimalito.com\/index.php?rest_route=%2Fwp%2Fv2%2Fproduct_tag&post=5576"}],"curies":[{"name":"wp","href":"https:\/\/api.w.org\/{rel}","templated":true}]}}